{"id":40,"date":"2025-04-01T09:04:35","date_gmt":"2025-04-01T09:04:35","guid":{"rendered":"https:\/\/soraya.dicorella-projects.com\/?page_id=40"},"modified":"2025-05-07T16:18:15","modified_gmt":"2025-05-07T16:18:15","slug":"inicio","status":"publish","type":"page","link":"https:\/\/soraya.dicorella-projects.com\/?page_id=40","title":{"rendered":"Sobre mi"},"content":{"rendered":"\n<div class=\"wp-block-columns is-layout-flex wp-container-core-columns-is-layout-28f84493 wp-block-columns-is-layout-flex\">\n<div class=\"wp-block-column is-layout-flow wp-block-column-is-layout-flow\" style=\"flex-basis:66.66%\">\n<h3 class=\"wp-block-heading has-text-color has-link-color has-medium-font-size wp-elements-a8e47a856ea8ce4add2e5d1eadbb8b43\" style=\"color:#009f8f\"><strong>DISE\u00d1ADORA GR\u00c1FICA<\/strong><\/h3>\n\n\n\n<p>Holaa! mi nombre es Soraya y tengo 20 a\u00f1os, soy estudiante de Dise\u00f1o Gr\u00e1fico en la Escuela de Arte y Dise\u00f1o de Corella.<\/p>\n\n\n\n<p>Desde peque\u00f1a me gustaba el mundo del arte y del dise\u00f1o, y siempre he tenido muy claro a que me quer\u00eda dedicar, y a d\u00eda de hoy, siento que he acertado con mi futura profesi\u00f3n.<\/p>\n\n\n\n<p>Actualmente estoy en 3\u00ba.EESS y aunque me gusta el mundo de la carteler\u00eda y la publicidad, tengo una cierta curiosidad por el dise\u00f1o y la programaci\u00f3n web.<\/p>\n<\/div>\n\n\n\n<div class=\"wp-block-column is-layout-flow wp-block-column-is-layout-flow\">\n<figure class=\"wp-block-gallery has-nested-images columns-default is-cropped wp-block-gallery-1 is-layout-flex wp-block-gallery-is-layout-flex\">\n<figure class=\"wp-block-image size-large\"><img loading=\"lazy\" decoding=\"async\" width=\"1024\" height=\"1024\" data-id=\"239\" src=\"https:\/\/soraya.dicorella-projects.com\/wp-content\/uploads\/2025\/05\/foto-soraya.jpg\" alt=\"\" class=\"wp-image-239\" srcset=\"https:\/\/soraya.dicorella-projects.com\/wp-content\/uploads\/2025\/05\/foto-soraya.jpg 1024w, https:\/\/soraya.dicorella-projects.com\/wp-content\/uploads\/2025\/05\/foto-soraya-300x300.jpg 300w, https:\/\/soraya.dicorella-projects.com\/wp-content\/uploads\/2025\/05\/foto-soraya-150x150.jpg 150w, https:\/\/soraya.dicorella-projects.com\/wp-content\/uploads\/2025\/05\/foto-soraya-768x768.jpg 768w\" sizes=\"auto, (max-width: 1024px) 100vw, 1024px\" \/><\/figure>\n<\/figure>\n<\/div>\n<\/div>\n\n\n\n<p><\/p>\n","protected":false},"excerpt":{"rendered":"<p>DISE\u00d1ADORA GR\u00c1FICA Holaa! mi nombre es Soraya y tengo 20 a\u00f1os, soy estudiante de Dise\u00f1o Gr\u00e1fico en la Escuela de Arte y Dise\u00f1o de Corella. Desde peque\u00f1a me gustaba el mundo del arte y del dise\u00f1o, y siempre he tenido muy claro a que me quer\u00eda dedicar, y a d\u00eda de hoy, siento que he [&hellip;]<\/p>\n","protected":false},"author":1,"featured_media":0,"parent":0,"menu_order":0,"comment_status":"closed","ping_status":"closed","template":"","meta":{"site-sidebar-layout":"default","site-content-layout":"","ast-site-content-layout":"","site-content-style":"default","site-sidebar-style":"default","ast-global-header-display":"","ast-banner-title-visibility":"","ast-main-header-display":"","ast-hfb-above-header-display":"","ast-hfb-below-header-display":"","ast-hfb-mobile-header-display":"","site-post-title":"","ast-breadcrumbs-content":"","ast-featured-img":"","footer-sml-layout":"","theme-transparent-header-meta":"","adv-header-id-meta":"","stick-header-meta":"","header-above-stick-meta":"","header-main-stick-meta":"","header-below-stick-meta":"","astra-migrate-meta-layouts":"default","ast-page-background-enabled":"default","ast-page-background-meta":{"desktop":{"background-color":"var(--ast-global-color-5)","background-image":"","background-repeat":"repeat","background-position":"center center","background-size":"auto","background-attachment":"scroll","background-type":"","background-media":"","overlay-type":"","overlay-color":"","overlay-opacity":"","overlay-gradient":""},"tablet":{"background-color":"","background-image":"","background-repeat":"repeat","background-position":"center center","background-size":"auto","background-attachment":"scroll","background-type":"","background-media":"","overlay-type":"","overlay-color":"","overlay-opacity":"","overlay-gradient":""},"mobile":{"background-color":"","background-image":"","background-repeat":"repeat","background-position":"center center","background-size":"auto","background-attachment":"scroll","background-type":"","background-media":"","overlay-type":"","overlay-color":"","overlay-opacity":"","overlay-gradient":""}},"ast-content-background-meta":{"desktop":{"background-color":"var(--ast-global-color-4)","background-image":"","background-repeat":"repeat","background-position":"center center","background-size":"auto","background-attachment":"scroll","background-type":"","background-media":"","overlay-type":"","overlay-color":"","overlay-opacity":"","overlay-gradient":""},"tablet":{"background-color":"var(--ast-global-color-4)","background-image":"","background-repeat":"repeat","background-position":"center center","background-size":"auto","background-attachment":"scroll","background-type":"","background-media":"","overlay-type":"","overlay-color":"","overlay-opacity":"","overlay-gradient":""},"mobile":{"background-color":"var(--ast-global-color-4)","background-image":"","background-repeat":"repeat","background-position":"center center","background-size":"auto","background-attachment":"scroll","background-type":"","background-media":"","overlay-type":"","overlay-color":"","overlay-opacity":"","overlay-gradient":""}},"footnotes":""},"class_list":["post-40","page","type-page","status-publish","hentry"],"_links":{"self":[{"href":"https:\/\/soraya.dicorella-projects.com\/index.php?rest_route=\/wp\/v2\/pages\/40","targetHints":{"allow":["GET"]}}],"collection":[{"href":"https:\/\/soraya.dicorella-projects.com\/index.php?rest_route=\/wp\/v2\/pages"}],"about":[{"href":"https:\/\/soraya.dicorella-projects.com\/index.php?rest_route=\/wp\/v2\/types\/page"}],"author":[{"embeddable":true,"href":"https:\/\/soraya.dicorella-projects.com\/index.php?rest_route=\/wp\/v2\/users\/1"}],"replies":[{"embeddable":true,"href":"https:\/\/soraya.dicorella-projects.com\/index.php?rest_route=%2Fwp%2Fv2%2Fcomments&post=40"}],"version-history":[{"count":19,"href":"https:\/\/soraya.dicorella-projects.com\/index.php?rest_route=\/wp\/v2\/pages\/40\/revisions"}],"predecessor-version":[{"id":275,"href":"https:\/\/soraya.dicorella-projects.com\/index.php?rest_route=\/wp\/v2\/pages\/40\/revisions\/275"}],"wp:attachment":[{"href":"https:\/\/soraya.dicorella-projects.com\/index.php?rest_route=%2Fwp%2Fv2%2Fmedia&parent=40"}],"curies":[{"name":"wp","href":"https:\/\/api.w.org\/{rel}","templated":true}]}}